{"id":29152,"date":"2026-03-16T21:06:58","date_gmt":"2026-03-17T00:06:58","guid":{"rendered":"https:\/\/jorgesportcalzados.com.ar\/?post_type=product&#038;p=29152"},"modified":"2026-03-16T21:06:58","modified_gmt":"2026-03-17T00:06:58","slug":"botanguita-lua-bota-urbana","status":"publish","type":"product","link":"https:\/\/jorgesportcalzados.com.ar\/en\/product\/botanguita-lua-bota-urbana\/","title":{"rendered":"BOTANGUITA LUA BOTA URBANA"},"content":{"rendered":"<p>Dise\u00f1adas para acompa\u00f1ar cada paso de los m\u00e1s chicos con comodidad, abrigo y estilo .<\/p>\n<p>INTERIOR ABRIGADO: ideal para los dias de frio<\/p>\n<p>SUELA ANTIDESLIZANTE : MAS SEGURIDAD AL CAMINAR<\/p>\n<p>AJUSTE PRACTICO\u00a0 : para abrojo y cordones el\u00e1sticos<\/p>\n<p>EXCELENTE SUJECION : cuida el pie en cada movimiento<\/p>","protected":false},"excerpt":{"rendered":"<p>Dise\u00f1adas para acompa\u00f1ar cada paso de los m\u00e1s chicos con comodidad, abrigo y estilo . INTERIOR ABRIGADO: ideal para los<\/p>","protected":false},"featured_media":29153,"template":"","meta":{"_joinchat":[]},"product_brand":[],"product_cat":[270,128,285,147,132],"product_tag":[],"giftcard-category":[],"class_list":{"0":"post-29152","1":"product","2":"type-product","3":"status-publish","4":"has-post-thumbnail","6":"product_cat-botitas","7":"product_cat-ninos","8":"product_cat-skate","9":"product_cat-urbana-zapatillas-nino","10":"product_cat-zapatillas-nino","12":"first","13":"instock","14":"shipping-taxable","15":"purchasable","16":"product-type-variable","17":"has-default-attributes"},"jetpack_sharing_enabled":true,"_links":{"self":[{"href":"https:\/\/jorgesportcalzados.com.ar\/en\/wp-json\/wp\/v2\/product\/29152","targetHints":{"allow":["GET"]}}],"collection":[{"href":"https:\/\/jorgesportcalzados.com.ar\/en\/wp-json\/wp\/v2\/product"}],"about":[{"href":"https:\/\/jorgesportcalzados.com.ar\/en\/wp-json\/wp\/v2\/types\/product"}],"version-history":[{"count":2,"href":"https:\/\/jorgesportcalzados.com.ar\/en\/wp-json\/wp\/v2\/product\/29152\/revisions"}],"predecessor-version":[{"id":29176,"href":"https:\/\/jorgesportcalzados.com.ar\/en\/wp-json\/wp\/v2\/product\/29152\/revisions\/29176"}],"wp:featuredmedia":[{"embeddable":true,"href":"https:\/\/jorgesportcalzados.com.ar\/en\/wp-json\/wp\/v2\/media\/29153"}],"wp:attachment":[{"href":"https:\/\/jorgesportcalzados.com.ar\/en\/wp-json\/wp\/v2\/media?parent=29152"}],"wp:term":[{"taxonomy":"product_brand","embeddable":true,"href":"https:\/\/jorgesportcalzados.com.ar\/en\/wp-json\/wp\/v2\/product_brand?post=29152"},{"taxonomy":"product_cat","embeddable":true,"href":"https:\/\/jorgesportcalzados.com.ar\/en\/wp-json\/wp\/v2\/product_cat?post=29152"},{"taxonomy":"product_tag","embeddable":true,"href":"https:\/\/jorgesportcalzados.com.ar\/en\/wp-json\/wp\/v2\/product_tag?post=29152"},{"taxonomy":"giftcard-category","embeddable":true,"href":"https:\/\/jorgesportcalzados.com.ar\/en\/wp-json\/wp\/v2\/giftcard-category?post=29152"}],"curies":[{"name":"wp","href":"https:\/\/api.w.org\/{rel}","templated":true}]}}